{"id":3383,"date":"2022-04-06T18:03:40","date_gmt":"2022-04-06T16:03:40","guid":{"rendered":"https:\/\/climage.ch\/in-production\/"},"modified":"2023-11-05T00:42:04","modified_gmt":"2023-11-04T23:42:04","slug":"in-production","status":"publish","type":"page","link":"https:\/\/climage.ch\/en\/in-production\/","title":{"rendered":"In production"},"content":{"rendered":"\t\t<div data-elementor-type=\"wp-page\" data-elementor-id=\"3383\" class=\"elementor elementor-3383 elementor-10\">\n\t\t\t\t\t\t<div class=\"elementor-section elementor-top-section elementor-element elementor-element-f9b1bd9 elementor-section-boxed elementor-section-height-default elementor-section-height-default\" data-id=\"f9b1bd9\" data-element_type=\"section\" data-e-type=\"section\">\n\t\t\t\t\t\t<div class=\"elementor-container elementor-column-gap-default\">\n\t\t\t\t\t<div class=\"elementor-column elementor-col-100 elementor-top-column elementor-element elementor-element-d9279dc\" data-id=\"d9279dc\" data-element_type=\"column\" data-e-type=\"column\">\n\t\t\t<div class=\"elementor-widget-wrap elementor-element-populated\">\n\t\t\t\t\t\t<div class=\"elementor-element elementor-element-e07b6bf elementor-widget elementor-widget-spacer\" data-id=\"e07b6bf\" data-element_type=\"widget\" data-e-type=\"widget\" data-widget_type=\"spacer.default\">\n\t\t\t\t<div class=\"elementor-widget-container\">\n\t\t\t\t\t\t\t<div class=\"elementor-spacer\">\n\t\t\t<div class=\"elementor-spacer-inner\"><\/div>\n\t\t<\/div>\n\t\t\t\t\t\t<\/div>\n\t\t\t\t<\/div>\n\t\t\t\t<div class=\"elementor-element elementor-element-b200ad1 elementor-widget elementor-widget-text-editor\" data-id=\"b200ad1\" data-element_type=\"widget\" data-e-type=\"widget\" data-widget_type=\"text-editor.default\">\n\t\t\t\t<div class=\"elementor-widget-container\">\n\t\t\t\t\t\t\t\t\t<h2>In production<\/h2>\n\t\t\t\t\t\t\t\t<\/div>\n\t\t\t\t<\/div>\n\t\t\t\t<div class=\"elementor-element elementor-element-4b06ff6 elementor-widget elementor-widget-spacer\" data-id=\"4b06ff6\" data-element_type=\"widget\" data-e-type=\"widget\" data-widget_type=\"spacer.default\">\n\t\t\t\t<div class=\"elementor-widget-container\">\n\t\t\t\t\t\t\t<div class=\"elementor-spacer\">\n\t\t\t<div class=\"elementor-spacer-inner\"><\/div>\n\t\t<\/div>\n\t\t\t\t\t\t<\/div>\n\t\t\t\t<\/div>\n\t\t\t\t<div class=\"elementor-element elementor-element-56edffc elementor-widget elementor-widget-spacer\" data-id=\"56edffc\" data-element_type=\"widget\" data-e-type=\"widget\" data-widget_type=\"spacer.default\">\n\t\t\t\t<div class=\"elementor-widget-container\">\n\t\t\t\t\t\t\t<div class=\"elementor-spacer\">\n\t\t\t<div class=\"elementor-spacer-inner\"><\/div>\n\t\t<\/div>\n\t\t\t\t\t\t<\/div>\n\t\t\t\t<\/div>\n\t\t\t\t<div class=\"elementor-element elementor-element-e444c25 elementor-widget elementor-widget-uael-posts\" data-id=\"e444c25\" data-element_type=\"widget\" data-e-type=\"widget\" data-settings=\"{&quot;feed_slides_to_show_tablet&quot;:2,&quot;feed_slides_to_show_mobile&quot;:1}\" data-widget_type=\"uael-posts.feed\">\n\t\t\t\t<div class=\"elementor-widget-container\">\n\t\t\t\t\t\t\t<div class=\"uael-post__header\">\n\t\t\t\t\t<\/div>\n\t\t<div class=\"uael-post__body\">\n\t\t\t\n\t\t\n\t\t<div class=\"uael-post-grid uael-posts\" data-query-type=\"custom\" data-structure=\"\" data-layout=\"\" data-page=\"3383\" data-skin=\"feed\" data-filter-default=\"\" data-offset-top=\"30\" >\n\n\t\t\t\t\t\t\t<div class=\"uael-post-grid__inner uael-post__columns-1 uael-post__columns-tablet-1 uael-post__columns-mobile-1\">\n\t\t\t\n\n<div class=\"uael-post-wrapper  work-in-progress \">\n\n\t<div class=\"uael-post__bg-wrap\">\n\t\t\n\t\t\n\t\t<div class=\"uael-post__inner-wrap \">\n\n\t\t\t\t<div class=\"uael-post__thumbnail\">\n\t\t\t\n\t\t\t<a href=\"https:\/\/climage.ch\/en\/film\/the-mercury-victims\/\" target=\"_self\" title=\"The Mercury Victims\"><img fetchpriority=\"high\" decoding=\"async\" width=\"1320\" height=\"967\" src=\"https:\/\/climage.ch\/wp-content\/uploads\/Mercure-3.webp\" class=\"attachment-full size-full wp-image-5854\" alt=\"\" srcset=\"https:\/\/climage.ch\/wp-content\/uploads\/Mercure-3.webp 1320w, https:\/\/climage.ch\/wp-content\/uploads\/Mercure-3-300x220.webp 300w, https:\/\/climage.ch\/wp-content\/uploads\/Mercure-3-1024x750.webp 1024w, https:\/\/climage.ch\/wp-content\/uploads\/Mercure-3-768x563.webp 768w\" sizes=\"(max-width: 1320px) 100vw, 1320px\" \/><\/a>\n\t\t\t\t\t<\/div>\n\t\t\n\t\t\t\n\t\t\t<div class=\"uael-post__content-wrap\">\n\n\t\t\t\t\t<h1 class=\"uael-post__title\">\n\n\t\t\n\t\t\t\t\t\t<a href=\"https:\/\/climage.ch\/en\/film\/the-mercury-victims\/\" target=\"_self\">\n\t\t\t\tThe Mercury Victims\t\t\t<\/a>\n\n\t\t\t\t<\/h1>\n\t\t<div class=\"uael-post__separator\"><\/div>\n\t\t<div class=\"uael-post__excerpt\">\n\t\t\t<b>Delphine Schnydrig et Mehdi Atmani | Documentary | 52' | 2026<\/b><br \/> A historical and family-based investigation into the worst industrial pollution Switzerland has ever seen.\t\t<\/div>\n\n\t\t\t\t\t<\/div>\n\t\t\t\n\t\t<\/div>\n\t\t\n\t<\/div>\n\n<\/div>\n\n\n<div class=\"uael-post-wrapper  work-in-progress \">\n\n\t<div class=\"uael-post__bg-wrap\">\n\t\t\n\t\t\n\t\t<div class=\"uael-post__inner-wrap \">\n\n\t\t\t\t<div class=\"uael-post__thumbnail\">\n\t\t\t\n\t\t\t<a href=\"https:\/\/climage.ch\/en\/film\/the-glacier-express\/\" target=\"_self\" title=\"The Glacier Express\"><img decoding=\"async\" width=\"2560\" height=\"1440\" src=\"https:\/\/climage.ch\/wp-content\/uploads\/20180306_140653-scaled.jpg\" class=\"attachment-full size-full wp-image-5824\" alt=\"\" srcset=\"https:\/\/climage.ch\/wp-content\/uploads\/20180306_140653-scaled.jpg 2560w, https:\/\/climage.ch\/wp-content\/uploads\/20180306_140653-300x169.jpg 300w, https:\/\/climage.ch\/wp-content\/uploads\/20180306_140653-1024x576.jpg 1024w, https:\/\/climage.ch\/wp-content\/uploads\/20180306_140653-768x432.jpg 768w, https:\/\/climage.ch\/wp-content\/uploads\/20180306_140653-1536x864.jpg 1536w, https:\/\/climage.ch\/wp-content\/uploads\/20180306_140653-2048x1152.jpg 2048w\" sizes=\"(max-width: 2560px) 100vw, 2560px\" \/><\/a>\n\t\t\t\t\t<\/div>\n\t\t\n\t\t\t\n\t\t\t<div class=\"uael-post__content-wrap\">\n\n\t\t\t\t\t<h1 class=\"uael-post__title\">\n\n\t\t\n\t\t\t\t\t\t<a href=\"https:\/\/climage.ch\/en\/film\/the-glacier-express\/\" target=\"_self\">\n\t\t\t\tThe Glacier Express\t\t\t<\/a>\n\n\t\t\t\t<\/h1>\n\t\t<div class=\"uael-post__separator\"><\/div>\n\t\t<div class=\"uael-post__excerpt\">\n\t\t\t<b>G\u00e9raldine Rod | Documentary | 45' | 2026<\/b><br \/> A breakup sends Claire on an inner journey... and a shared one.\t\t<\/div>\n\n\t\t\t\t\t<\/div>\n\t\t\t\n\t\t<\/div>\n\t\t\n\t<\/div>\n\n<\/div>\n\n\n<div class=\"uael-post-wrapper  work-in-progress \">\n\n\t<div class=\"uael-post__bg-wrap\">\n\t\t\n\t\t\n\t\t<div class=\"uael-post__inner-wrap \">\n\n\t\t\t\t<div class=\"uael-post__thumbnail\">\n\t\t\t\n\t\t\t<a href=\"https:\/\/climage.ch\/en\/film\/family-crash\/\" target=\"_self\" title=\"Family Crash\"><img decoding=\"async\" width=\"1280\" height=\"720\" src=\"https:\/\/climage.ch\/wp-content\/uploads\/Stills_provisoire_FC.jpeg\" class=\"attachment-full size-full wp-image-5352\" alt=\"\" srcset=\"https:\/\/climage.ch\/wp-content\/uploads\/Stills_provisoire_FC.jpeg 1280w, https:\/\/climage.ch\/wp-content\/uploads\/Stills_provisoire_FC-300x169.jpeg 300w, https:\/\/climage.ch\/wp-content\/uploads\/Stills_provisoire_FC-1024x576.jpeg 1024w, https:\/\/climage.ch\/wp-content\/uploads\/Stills_provisoire_FC-768x432.jpeg 768w\" sizes=\"(max-width: 1280px) 100vw, 1280px\" \/><\/a>\n\t\t\t\t\t<\/div>\n\t\t\n\t\t\t\n\t\t\t<div class=\"uael-post__content-wrap\">\n\n\t\t\t\t\t<h1 class=\"uael-post__title\">\n\n\t\t\n\t\t\t\t\t\t<a href=\"https:\/\/climage.ch\/en\/film\/family-crash\/\" target=\"_self\">\n\t\t\t\tFamily Crash\t\t\t<\/a>\n\n\t\t\t\t<\/h1>\n\t\t<div class=\"uael-post__separator\"><\/div>\n\t\t<div class=\"uael-post__excerpt\">\n\t\t\t<b>Patrick Muroni | Interactive VR | 20' | 2026<\/b><br \/> A virtual reality road movie in which a teenager tries to flee his memories, only to discover that it is not always possible to escape one's family legacy.\t\t<\/div>\n\n\t\t\t\t\t<\/div>\n\t\t\t\n\t\t<\/div>\n\t\t\n\t<\/div>\n\n<\/div>\n\n\n<div class=\"uael-post-wrapper  work-in-progress \">\n\n\t<div class=\"uael-post__bg-wrap\">\n\t\t\n\t\t\n\t\t<div class=\"uael-post__inner-wrap \">\n\n\t\t\t\t<div class=\"uael-post__thumbnail\">\n\t\t\t\n\t\t\t<a href=\"https:\/\/climage.ch\/en\/film\/after-us-fire\/\" target=\"_self\" title=\"After Us, Fire\"><img loading=\"lazy\" decoding=\"async\" width=\"2124\" height=\"1380\" src=\"https:\/\/climage.ch\/wp-content\/uploads\/ma-grand-mere-et-mon-grand-pere-a-Laydjan.jpg\" class=\"attachment-full size-full wp-image-5343\" alt=\"\" srcset=\"https:\/\/climage.ch\/wp-content\/uploads\/ma-grand-mere-et-mon-grand-pere-a-Laydjan.jpg 2124w, https:\/\/climage.ch\/wp-content\/uploads\/ma-grand-mere-et-mon-grand-pere-a-Laydjan-300x195.jpg 300w, https:\/\/climage.ch\/wp-content\/uploads\/ma-grand-mere-et-mon-grand-pere-a-Laydjan-1024x665.jpg 1024w, https:\/\/climage.ch\/wp-content\/uploads\/ma-grand-mere-et-mon-grand-pere-a-Laydjan-768x499.jpg 768w, https:\/\/climage.ch\/wp-content\/uploads\/ma-grand-mere-et-mon-grand-pere-a-Laydjan-1536x998.jpg 1536w, https:\/\/climage.ch\/wp-content\/uploads\/ma-grand-mere-et-mon-grand-pere-a-Laydjan-2048x1331.jpg 2048w\" sizes=\"(max-width: 2124px) 100vw, 2124px\" \/><\/a>\n\t\t\t\t\t<\/div>\n\t\t\n\t\t\t\n\t\t\t<div class=\"uael-post__content-wrap\">\n\n\t\t\t\t\t<h1 class=\"uael-post__title\">\n\n\t\t\n\t\t\t\t\t\t<a href=\"https:\/\/climage.ch\/en\/film\/after-us-fire\/\" target=\"_self\">\n\t\t\t\tAfter Us, Fire\t\t\t<\/a>\n\n\t\t\t\t<\/h1>\n\t\t<div class=\"uael-post__separator\"><\/div>\n\t\t<div class=\"uael-post__excerpt\">\n\t\t\t<b>Chamsi Diba | Documentary | 52' | 2026<\/b><br \/> Chamsi, a young Swiss-Iranian filmmaker, sets out in search of her family history in pre-revolutionary Iran of the 1970s. As her investigation unfolds, she weaves this story together with that of the Iranian pop music of the era, sketching a portrait that is both intimate and cultural of a vanished Iran.\t\t<\/div>\n\n\t\t\t\t\t<\/div>\n\t\t\t\n\t\t<\/div>\n\t\t\n\t<\/div>\n\n<\/div>\n\n\n<div class=\"uael-post-wrapper  work-in-progress \">\n\n\t<div class=\"uael-post__bg-wrap\">\n\t\t\n\t\t\n\t\t<div class=\"uael-post__inner-wrap \">\n\n\t\t\t\t<div class=\"uael-post__thumbnail\">\n\t\t\t\n\t\t\t<a href=\"https:\/\/climage.ch\/en\/film\/the-objects-council\/\" target=\"_self\" title=\"The Objects Council\"><img loading=\"lazy\" decoding=\"async\" width=\"2560\" height=\"1446\" src=\"https:\/\/climage.ch\/wp-content\/uploads\/DSC_0580_Depot_Mistgabeln-scaled.jpg\" class=\"attachment-full size-full wp-image-3754\" alt=\"\" srcset=\"https:\/\/climage.ch\/wp-content\/uploads\/DSC_0580_Depot_Mistgabeln-scaled.jpg 2560w, https:\/\/climage.ch\/wp-content\/uploads\/DSC_0580_Depot_Mistgabeln-300x169.jpg 300w, https:\/\/climage.ch\/wp-content\/uploads\/DSC_0580_Depot_Mistgabeln-1024x578.jpg 1024w, https:\/\/climage.ch\/wp-content\/uploads\/DSC_0580_Depot_Mistgabeln-768x434.jpg 768w, https:\/\/climage.ch\/wp-content\/uploads\/DSC_0580_Depot_Mistgabeln-1536x868.jpg 1536w, https:\/\/climage.ch\/wp-content\/uploads\/DSC_0580_Depot_Mistgabeln-2048x1157.jpg 2048w\" sizes=\"(max-width: 2560px) 100vw, 2560px\" \/><\/a>\n\t\t\t\t\t<\/div>\n\t\t\n\t\t\t\n\t\t\t<div class=\"uael-post__content-wrap\">\n\n\t\t\t\t\t<h1 class=\"uael-post__title\">\n\n\t\t\n\t\t\t\t\t\t<a href=\"https:\/\/climage.ch\/en\/film\/the-objects-council\/\" target=\"_self\">\n\t\t\t\tThe Objects Council\t\t\t<\/a>\n\n\t\t\t\t<\/h1>\n\t\t<div class=\"uael-post__separator\"><\/div>\n\t\t<div class=\"uael-post__excerpt\">\n\t\t\t<b>Valeria Stucki | Documentary | 80' | 2026<\/b><br \/> A documentary comedy at the heart of a democratic mechanism for sorting the collection of a regional museum overwhelmed by the thousands of objects bequeathed to it.\t\t<\/div>\n\n\t\t\t\t\t<\/div>\n\t\t\t\n\t\t<\/div>\n\t\t\n\t<\/div>\n\n<\/div>\n\n\n<div class=\"uael-post-wrapper  work-in-progress \">\n\n\t<div class=\"uael-post__bg-wrap\">\n\t\t\n\t\t\n\t\t<div class=\"uael-post__inner-wrap \">\n\n\t\t\t\t<div class=\"uael-post__thumbnail\">\n\t\t\t\n\t\t\t<a href=\"https:\/\/climage.ch\/en\/film\/the-galaxionauts\/\" target=\"_self\" title=\"The Galaxionauts\"><img loading=\"lazy\" decoding=\"async\" width=\"2560\" height=\"1920\" src=\"https:\/\/climage.ch\/wp-content\/uploads\/GALAX1-scaled.jpg\" class=\"attachment-full size-full wp-image-2805\" alt=\"\" srcset=\"https:\/\/climage.ch\/wp-content\/uploads\/GALAX1-scaled.jpg 2560w, https:\/\/climage.ch\/wp-content\/uploads\/GALAX1-300x225.jpg 300w, https:\/\/climage.ch\/wp-content\/uploads\/GALAX1-1024x768.jpg 1024w, https:\/\/climage.ch\/wp-content\/uploads\/GALAX1-768x576.jpg 768w, https:\/\/climage.ch\/wp-content\/uploads\/GALAX1-1536x1152.jpg 1536w, https:\/\/climage.ch\/wp-content\/uploads\/GALAX1-2048x1536.jpg 2048w\" sizes=\"(max-width: 2560px) 100vw, 2560px\" \/><\/a>\n\t\t\t\t\t<\/div>\n\t\t\n\t\t\t\n\t\t\t<div class=\"uael-post__content-wrap\">\n\n\t\t\t\t\t<h1 class=\"uael-post__title\">\n\n\t\t\n\t\t\t\t\t\t<a href=\"https:\/\/climage.ch\/en\/film\/the-galaxionauts\/\" target=\"_self\">\n\t\t\t\tThe Galaxionauts\t\t\t<\/a>\n\n\t\t\t\t<\/h1>\n\t\t<div class=\"uael-post__separator\"><\/div>\n\t\t<div class=\"uael-post__excerpt\">\n\t\t\t<b>Christian Denisart | Documentary | 80' | 2026 | color | 16\/9 | DCP<\/b><br \/> In the Democratic Republic of Congo, an engineer and his team are getting ready to launch a rocket into space. On board is a guinea pig and a satellite.\t\t<\/div>\n\n\t\t\t\t\t<\/div>\n\t\t\t\n\t\t<\/div>\n\t\t\n\t<\/div>\n\n<\/div>\n\t\t\t\t<\/div>\n\t\t\t\t\t\t\n\t\t<\/div>\n\n\t\t\t\t\t\t<\/div>\n\t\t<div class=\"uael-post__footer\">\n\t\t\t\t\t<\/div>\n\t\t\t\t\t\t<\/div>\n\t\t\t\t<\/div>\n\t\t\t\t\t<\/div>\n\t\t<\/div>\n\t\t\t\t\t<\/div>\n\t\t<\/div>\n\t\t\t\t<\/div>\n\t\t","protected":false},"excerpt":{"rendered":"<p>In production Rave Patrick Muroni | VR interactive | 20&#8242; | 2024 Une exp\u00e9rience virtuelle et onirique qui vous plonge au coeur d&#8217;une rave. Mais pour que le souvenir se d\u00e9ploie jusqu\u2019au bout, il ne faut pas s\u2019arr\u00eater de danser. Bienveillance Alexe Poukine | Documentaire | 90&#8242; | 2024 | couleur | 16\/9 | DCP Dans un syst\u00e8me hospitalier de plus en plus lib\u00e9ral, quelle place reste-il pour la bienveillance? La vie est un chemin de fer Kevin Mavakala, Tousmy Kilo, Isaac Sahani, Manass\u00e9 Kashala | Fiction | 90&#8242; | 2024 | couleur | 16\/9 | DCP \u00c0 Kinshasa, 4 jeunes r\u00e9alisateur.trices congolais.es racontent le parcours de vie de Viya \u00e0 travers 4 \u00e9pisodes marquants de son quotidien. Les \u00e9cailles lui sont tomb\u00e9es des yeux Coline Confort | Documentaire | 20&#8242; | 2023 | couleur | 16\/9 | DCP \u00c0 peine sorti de l&#8217;enfance, Julian se retrouve dans un r\u00f4le trop grand pour lui: reloger le dernier habitant de son immeuble condamn\u00e9. Les galaxionautes Christian Denisart | Documentaire | 80&#8242; | 2024 | couleur | 16\/9 | DCP En R\u00e9publique D\u00e9mocratique du Congo, un ing\u00e9nieur congolais et son \u00e9quipe pr\u00e9parent le lancement d\u2019une fus\u00e9e dans l\u2019espace. \u00c0 son bord il y a un cochon d\u2019Inde et un satellite.<\/p>\n","protected":false},"author":1,"featured_media":0,"parent":0,"menu_order":7,"comment_status":"closed","ping_status":"closed","template":"elementor_header_footer","meta":{"footnotes":""},"class_list":["post-3383","page","type-page","status-publish","hentry"],"yoast_head":"<!-- This site is optimized with the Yoast SEO plugin v27.5 - https:\/\/yoast.com\/product\/yoast-seo-wordpress\/ -->\n<title>In production - CLIMAGE - Cr\u00e9ation et diffusion de films documentaires<\/title>\n<meta name=\"robots\" content=\"index, follow, max-snippet:-1, max-image-preview:large, max-video-preview:-1\" \/>\n<link rel=\"canonical\" href=\"https:\/\/climage.ch\/en\/in-production\/\" \/>\n<meta property=\"og:locale\" content=\"en_US\" \/>\n<meta property=\"og:type\" content=\"article\" \/>\n<meta property=\"og:title\" content=\"In production - CLIMAGE - Cr\u00e9ation et diffusion de films documentaires\" \/>\n<meta property=\"og:description\" content=\"In production Rave Patrick Muroni | VR interactive | 20&#8242; | 2024 Une exp\u00e9rience virtuelle et onirique qui vous plonge au coeur d&#8217;une rave. Mais pour que le souvenir se d\u00e9ploie jusqu\u2019au bout, il ne faut pas s\u2019arr\u00eater de danser. Bienveillance Alexe Poukine | Documentaire | 90&#8242; | 2024 | couleur | 16\/9 | DCP Dans un syst\u00e8me hospitalier de plus en plus lib\u00e9ral, quelle place reste-il pour la bienveillance? La vie est un chemin de fer Kevin Mavakala, Tousmy Kilo, Isaac Sahani, Manass\u00e9 Kashala | Fiction | 90&#8242; | 2024 | couleur | 16\/9 | DCP \u00c0 Kinshasa, 4 jeunes r\u00e9alisateur.trices congolais.es racontent le parcours de vie de Viya \u00e0 travers 4 \u00e9pisodes marquants de son quotidien. Les \u00e9cailles lui sont tomb\u00e9es des yeux Coline Confort | Documentaire | 20&#8242; | 2023 | couleur | 16\/9 | DCP \u00c0 peine sorti de l&#8217;enfance, Julian se retrouve dans un r\u00f4le trop grand pour lui: reloger le dernier habitant de son immeuble condamn\u00e9. Les galaxionautes Christian Denisart | Documentaire | 80&#8242; | 2024 | couleur | 16\/9 | DCP En R\u00e9publique D\u00e9mocratique du Congo, un ing\u00e9nieur congolais et son \u00e9quipe pr\u00e9parent le lancement d\u2019une fus\u00e9e dans l\u2019espace. \u00c0 son bord il y a un cochon d\u2019Inde et un satellite.\" \/>\n<meta property=\"og:url\" content=\"https:\/\/climage.ch\/en\/in-production\/\" \/>\n<meta property=\"og:site_name\" content=\"CLIMAGE - Cr\u00e9ation et diffusion de films documentaires\" \/>\n<meta property=\"article:modified_time\" content=\"2023-11-04T23:42:04+00:00\" \/>\n<meta property=\"og:image\" content=\"https:\/\/climage.ch\/wp-content\/uploads\/RAVE_perso.jpg\" \/>\n<meta name=\"twitter:card\" content=\"summary_large_image\" \/>\n<meta name=\"twitter:label1\" content=\"Est. reading time\" \/>\n\t<meta name=\"twitter:data1\" content=\"1 minute\" \/>\n<script type=\"application\/ld+json\" class=\"yoast-schema-graph\">{\"@context\":\"https:\\\/\\\/schema.org\",\"@graph\":[{\"@type\":\"WebPage\",\"@id\":\"https:\\\/\\\/climage.ch\\\/en\\\/in-production\\\/\",\"url\":\"https:\\\/\\\/climage.ch\\\/en\\\/in-production\\\/\",\"name\":\"In production - CLIMAGE - Cr\u00e9ation et diffusion de films documentaires\",\"isPartOf\":{\"@id\":\"https:\\\/\\\/climage.ch\\\/en\\\/#website\"},\"primaryImageOfPage\":{\"@id\":\"https:\\\/\\\/climage.ch\\\/en\\\/in-production\\\/#primaryimage\"},\"image\":{\"@id\":\"https:\\\/\\\/climage.ch\\\/en\\\/in-production\\\/#primaryimage\"},\"thumbnailUrl\":\"https:\\\/\\\/climage.ch\\\/wp-content\\\/uploads\\\/RAVE_perso.jpg\",\"datePublished\":\"2022-04-06T16:03:40+00:00\",\"dateModified\":\"2023-11-04T23:42:04+00:00\",\"breadcrumb\":{\"@id\":\"https:\\\/\\\/climage.ch\\\/en\\\/in-production\\\/#breadcrumb\"},\"inLanguage\":\"en-US\",\"potentialAction\":[{\"@type\":\"ReadAction\",\"target\":[\"https:\\\/\\\/climage.ch\\\/en\\\/in-production\\\/\"]}]},{\"@type\":\"ImageObject\",\"inLanguage\":\"en-US\",\"@id\":\"https:\\\/\\\/climage.ch\\\/en\\\/in-production\\\/#primaryimage\",\"url\":\"https:\\\/\\\/climage.ch\\\/wp-content\\\/uploads\\\/RAVE_perso.jpg\",\"contentUrl\":\"https:\\\/\\\/climage.ch\\\/wp-content\\\/uploads\\\/RAVE_perso.jpg\"},{\"@type\":\"BreadcrumbList\",\"@id\":\"https:\\\/\\\/climage.ch\\\/en\\\/in-production\\\/#breadcrumb\",\"itemListElement\":[{\"@type\":\"ListItem\",\"position\":1,\"name\":\"Accueil\",\"item\":\"https:\\\/\\\/climage.ch\\\/en\\\/\"},{\"@type\":\"ListItem\",\"position\":2,\"name\":\"In production\"}]},{\"@type\":\"WebSite\",\"@id\":\"https:\\\/\\\/climage.ch\\\/en\\\/#website\",\"url\":\"https:\\\/\\\/climage.ch\\\/en\\\/\",\"name\":\"CLIMAGE - Cr\u00e9ation et diffusion de films documentaires\",\"description\":\"\",\"potentialAction\":[{\"@type\":\"SearchAction\",\"target\":{\"@type\":\"EntryPoint\",\"urlTemplate\":\"https:\\\/\\\/climage.ch\\\/en\\\/?s={search_term_string}\"},\"query-input\":{\"@type\":\"PropertyValueSpecification\",\"valueRequired\":true,\"valueName\":\"search_term_string\"}}],\"inLanguage\":\"en-US\"}]}<\/script>\n<!-- \/ Yoast SEO plugin. -->","yoast_head_json":{"title":"In production - CLIMAGE - Cr\u00e9ation et diffusion de films documentaires","robots":{"index":"index","follow":"follow","max-snippet":"max-snippet:-1","max-image-preview":"max-image-preview:large","max-video-preview":"max-video-preview:-1"},"canonical":"https:\/\/climage.ch\/en\/in-production\/","og_locale":"en_US","og_type":"article","og_title":"In production - CLIMAGE - Cr\u00e9ation et diffusion de films documentaires","og_description":"In production Rave Patrick Muroni | VR interactive | 20&#8242; | 2024 Une exp\u00e9rience virtuelle et onirique qui vous plonge au coeur d&#8217;une rave. Mais pour que le souvenir se d\u00e9ploie jusqu\u2019au bout, il ne faut pas s\u2019arr\u00eater de danser. Bienveillance Alexe Poukine | Documentaire | 90&#8242; | 2024 | couleur | 16\/9 | DCP Dans un syst\u00e8me hospitalier de plus en plus lib\u00e9ral, quelle place reste-il pour la bienveillance? La vie est un chemin de fer Kevin Mavakala, Tousmy Kilo, Isaac Sahani, Manass\u00e9 Kashala | Fiction | 90&#8242; | 2024 | couleur | 16\/9 | DCP \u00c0 Kinshasa, 4 jeunes r\u00e9alisateur.trices congolais.es racontent le parcours de vie de Viya \u00e0 travers 4 \u00e9pisodes marquants de son quotidien. Les \u00e9cailles lui sont tomb\u00e9es des yeux Coline Confort | Documentaire | 20&#8242; | 2023 | couleur | 16\/9 | DCP \u00c0 peine sorti de l&#8217;enfance, Julian se retrouve dans un r\u00f4le trop grand pour lui: reloger le dernier habitant de son immeuble condamn\u00e9. Les galaxionautes Christian Denisart | Documentaire | 80&#8242; | 2024 | couleur | 16\/9 | DCP En R\u00e9publique D\u00e9mocratique du Congo, un ing\u00e9nieur congolais et son \u00e9quipe pr\u00e9parent le lancement d\u2019une fus\u00e9e dans l\u2019espace. \u00c0 son bord il y a un cochon d\u2019Inde et un satellite.","og_url":"https:\/\/climage.ch\/en\/in-production\/","og_site_name":"CLIMAGE - Cr\u00e9ation et diffusion de films documentaires","article_modified_time":"2023-11-04T23:42:04+00:00","og_image":[{"url":"https:\/\/climage.ch\/wp-content\/uploads\/RAVE_perso.jpg","type":"","width":"","height":""}],"twitter_card":"summary_large_image","twitter_misc":{"Est. reading time":"1 minute"},"schema":{"@context":"https:\/\/schema.org","@graph":[{"@type":"WebPage","@id":"https:\/\/climage.ch\/en\/in-production\/","url":"https:\/\/climage.ch\/en\/in-production\/","name":"In production - CLIMAGE - Cr\u00e9ation et diffusion de films documentaires","isPartOf":{"@id":"https:\/\/climage.ch\/en\/#website"},"primaryImageOfPage":{"@id":"https:\/\/climage.ch\/en\/in-production\/#primaryimage"},"image":{"@id":"https:\/\/climage.ch\/en\/in-production\/#primaryimage"},"thumbnailUrl":"https:\/\/climage.ch\/wp-content\/uploads\/RAVE_perso.jpg","datePublished":"2022-04-06T16:03:40+00:00","dateModified":"2023-11-04T23:42:04+00:00","breadcrumb":{"@id":"https:\/\/climage.ch\/en\/in-production\/#breadcrumb"},"inLanguage":"en-US","potentialAction":[{"@type":"ReadAction","target":["https:\/\/climage.ch\/en\/in-production\/"]}]},{"@type":"ImageObject","inLanguage":"en-US","@id":"https:\/\/climage.ch\/en\/in-production\/#primaryimage","url":"https:\/\/climage.ch\/wp-content\/uploads\/RAVE_perso.jpg","contentUrl":"https:\/\/climage.ch\/wp-content\/uploads\/RAVE_perso.jpg"},{"@type":"BreadcrumbList","@id":"https:\/\/climage.ch\/en\/in-production\/#breadcrumb","itemListElement":[{"@type":"ListItem","position":1,"name":"Accueil","item":"https:\/\/climage.ch\/en\/"},{"@type":"ListItem","position":2,"name":"In production"}]},{"@type":"WebSite","@id":"https:\/\/climage.ch\/en\/#website","url":"https:\/\/climage.ch\/en\/","name":"CLIMAGE - Cr\u00e9ation et diffusion de films documentaires","description":"","potentialAction":[{"@type":"SearchAction","target":{"@type":"EntryPoint","urlTemplate":"https:\/\/climage.ch\/en\/?s={search_term_string}"},"query-input":{"@type":"PropertyValueSpecification","valueRequired":true,"valueName":"search_term_string"}}],"inLanguage":"en-US"}]}},"_links":{"self":[{"href":"https:\/\/climage.ch\/en\/wp-json\/wp\/v2\/pages\/3383","targetHints":{"allow":["GET"]}}],"collection":[{"href":"https:\/\/climage.ch\/en\/wp-json\/wp\/v2\/pages"}],"about":[{"href":"https:\/\/climage.ch\/en\/wp-json\/wp\/v2\/types\/page"}],"author":[{"embeddable":true,"href":"https:\/\/climage.ch\/en\/wp-json\/wp\/v2\/users\/1"}],"replies":[{"embeddable":true,"href":"https:\/\/climage.ch\/en\/wp-json\/wp\/v2\/comments?post=3383"}],"version-history":[{"count":5,"href":"https:\/\/climage.ch\/en\/wp-json\/wp\/v2\/pages\/3383\/revisions"}],"predecessor-version":[{"id":3434,"href":"https:\/\/climage.ch\/en\/wp-json\/wp\/v2\/pages\/3383\/revisions\/3434"}],"wp:attachment":[{"href":"https:\/\/climage.ch\/en\/wp-json\/wp\/v2\/media?parent=3383"}],"curies":[{"name":"wp","href":"https:\/\/api.w.org\/{rel}","templated":true}]}}